{"id":2721,"date":"2018-04-21T18:32:36","date_gmt":"2018-04-21T18:32:36","guid":{"rendered":"https:\/\/vosto5.cz\/suvenyry\/"},"modified":"2018-04-21T18:32:36","modified_gmt":"2018-04-21T18:32:36","slug":"suvenyry","status":"publish","type":"page","link":"https:\/\/vosto5.cz\/en\/suvenyry\/","title":{"rendered":"Suven\u00fdry"},"content":{"rendered":"<p><span style=\"font-weight: 400;\">V\u00fdb\u011br zda\u0159il\u00fdch zaj\u00edmavost\u00ed a merkantili\u00ed z chr\u00e1n\u011bn\u00e9 v\u00fdrobn\u00ed d\u00edlny Vosto5.<\/span><\/p>\n","protected":false},"excerpt":{"rendered":"<p>V\u00fdb\u011br zda\u0159il\u00fdch zaj\u00edmavost\u00ed a merkantili\u00ed z chr\u00e1n\u011bn\u00e9 v\u00fdrobn\u00ed d\u00edlny Vosto5.<\/p>\n","protected":false},"author":34,"featured_media":0,"parent":0,"menu_order":0,"comment_status":"closed","ping_status":"closed","template":"","meta":{"_acf_changed":false,"ngg_post_thumbnail":0,"footnotes":""},"class_list":["post-2721","page","type-page","status-publish","hentry"],"acf":[],"_links":{"self":[{"href":"https:\/\/vosto5.cz\/en\/wp-json\/wp\/v2\/pages\/2721","targetHints":{"allow":["GET"]}}],"collection":[{"href":"https:\/\/vosto5.cz\/en\/wp-json\/wp\/v2\/pages"}],"about":[{"href":"https:\/\/vosto5.cz\/en\/wp-json\/wp\/v2\/types\/page"}],"author":[{"embeddable":true,"href":"https:\/\/vosto5.cz\/en\/wp-json\/wp\/v2\/users\/34"}],"replies":[{"embeddable":true,"href":"https:\/\/vosto5.cz\/en\/wp-json\/wp\/v2\/comments?post=2721"}],"version-history":[{"count":0,"href":"https:\/\/vosto5.cz\/en\/wp-json\/wp\/v2\/pages\/2721\/revisions"}],"wp:attachment":[{"href":"https:\/\/vosto5.cz\/en\/wp-json\/wp\/v2\/media?parent=2721"}],"curies":[{"name":"wp","href":"https:\/\/api.w.org\/{rel}","templated":true}]}}